{"id":6,"date":"2016-08-22T22:56:59","date_gmt":"2016-08-22T20:56:59","guid":{"rendered":"http:\/\/www.appearance-records.com\/deutsch\/?page_id=6"},"modified":"2016-09-09T11:42:38","modified_gmt":"2016-09-09T09:42:38","slug":"index","status":"publish","type":"page","link":"http:\/\/www.appearance-records.com\/deutsch\/","title":{"rendered":"index"},"content":{"rendered":"<p>[vc_row row_type=&#8221;row&#8221; use_row_as_full_screen_section=&#8221;no&#8221; type=&#8221;full_width&#8221; angled_section=&#8221;no&#8221; text_align=&#8221;left&#8221; background_image_as_pattern=&#8221;without_pattern&#8221; css_animation=&#8221;&#8221;][vc_column][vc_single_image image=&#8221;9&#8243; img_size=&#8221;full&#8221; alignment=&#8221;center&#8221; qode_css_animation=&#8221;element_from_fade&#8221;][\/vc_column][\/vc_row][vc_row row_type=&#8221;row&#8221; use_row_as_full_screen_section=&#8221;no&#8221; type=&#8221;full_width&#8221; angled_section=&#8221;no&#8221; text_align=&#8221;left&#8221; background_image_as_pattern=&#8221;without_pattern&#8221; css_animation=&#8221;&#8221;][vc_column][vc_empty_space height=&#8221;50&#8243;][\/vc_column][\/vc_row][vc_row row_type=&#8221;row&#8221; use_row_as_full_screen_section=&#8221;no&#8221; type=&#8221;full_width&#8221; angled_section=&#8221;no&#8221; text_align=&#8221;left&#8221; background_image_as_pattern=&#8221;without_pattern&#8221; css_animation=&#8221;&#8221;][vc_column][vc_column_text]<\/p>\n<h2 style=\"text-align: center;\">Appearance Records ist ein Musiklabel aus Berlin f\u00fcr ausgew\u00e4hlte Indie Bands und Musiker. Wir spezialisieren uns auf die Lizensierung von Musik f\u00fcr TV-, Film- und Theaterproduktionen.<\/h2>\n<p>[\/vc_column_text][\/vc_column][\/vc_row][vc_row row_type=&#8221;row&#8221; use_row_as_full_screen_section=&#8221;no&#8221; type=&#8221;full_width&#8221; angled_section=&#8221;no&#8221; text_align=&#8221;left&#8221; background_image_as_pattern=&#8221;without_pattern&#8221; css_animation=&#8221;&#8221;][vc_column][vc_empty_space height=&#8221;30&#8243;][\/vc_column][\/vc_row][vc_row row_type=&#8221;row&#8221; use_row_as_full_screen_section=&#8221;no&#8221; type=&#8221;full_width&#8221; angled_section=&#8221;no&#8221; text_align=&#8221;left&#8221; background_image_as_pattern=&#8221;without_pattern&#8221; css_animation=&#8221;&#8221;][vc_column][vc_separator type=&#8221;normal&#8221; up=&#8221;20&#8243; down=&#8221;20&#8243;][\/vc_column][\/vc_row][vc_row row_type=&#8221;row&#8221; use_row_as_full_screen_section=&#8221;no&#8221; type=&#8221;full_width&#8221; angled_section=&#8221;no&#8221; text_align=&#8221;left&#8221; background_image_as_pattern=&#8221;without_pattern&#8221; css_animation=&#8221;&#8221;][vc_column][qode_clients columns=&#8221;six_columns&#8221;][qode_client link_target=&#8221;_blank&#8221; image=&#8221;28&#8243; link=&#8221;http:\/\/www.zdf.de\/&#8221;][qode_client link_target=&#8221;_blank&#8221; image=&#8221;27&#8243; link=&#8221;http:\/\/www1.wdr.de&#8221;][qode_client link_target=&#8221;_blank&#8221; image=&#8221;18&#8243; link=&#8221;http:\/\/hessenschau.de&#8221;][qode_client link_target=&#8221;_blank&#8221; image=&#8221;25&#8243; link=&#8221;http:\/\/www.swr.de\/&#8221;][qode_client link_target=&#8221;_blank&#8221; image=&#8221;17&#8243; link=&#8221;http:\/\/www.br.de\/fernsehen\/ard-alpha\/index.html&#8221;][qode_client link_target=&#8221;_blank&#8221; image=&#8221;16&#8243; link=&#8221;http:\/\/tv.orf.at\/orfdrei&#8221;][qode_client link_target=&#8221;_blank&#8221; image=&#8221;24&#8243; link=&#8221;http:\/\/www.theaterdo.de&#8221;][qode_client link_target=&#8221;_blank&#8221; image=&#8221;26&#8243; link=&#8221;http:\/\/www.schauspiel-leipzig.de&#8221;][qode_client link_target=&#8221;_blank&#8221; image=&#8221;21&#8243; link=&#8221;https:\/\/www.schauspiel-stuttgart.de\/&#8221;][qode_client link_target=&#8221;_blank&#8221; image=&#8221;23&#8243; link=&#8221;http:\/\/www.theater-magdeburg.de\/&#8221;][qode_client link_target=&#8221;_blank&#8221; image=&#8221;14&#8243; link=&#8221;http:\/\/www.hamakom.at\/&#8221;][qode_client link_target=&#8221;_blank&#8221; image=&#8221;19&#8243; link=&#8221;http:\/\/www.gore-tex.de\/de-de\/home&#8221;][\/qode_clients][\/vc_column][\/vc_row]<\/p>\n","protected":false},"excerpt":{"rendered":"<p>[vc_row row_type=&#8221;row&#8221; use_row_as_full_screen_section=&#8221;no&#8221; type=&#8221;full_width&#8221; angled_section=&#8221;no&#8221; text_align=&#8221;left&#8221; background_image_as_pattern=&#8221;without_pattern&#8221; css_animation=&#8221;&#8221;][vc_column][vc_single_image image=&#8221;9&#8243; img_size=&#8221;full&#8221; alignment=&#8221;center&#8221; qode_css_animation=&#8221;element_from_fade&#8221;][\/vc_column][\/vc_row][vc_row row_type=&#8221;row&#8221; use_row_as_full_screen_section=&#8221;no&#8221; type=&#8221;full_width&#8221; angled_section=&#8221;no&#8221; text_align=&#8221;left&#8221; background_image_as_pattern=&#8221;without_pattern&#8221; css_animation=&#8221;&#8221;][vc_column][vc_empty_space height=&#8221;50&#8243;][\/vc_column][\/vc_row][vc_row row_type=&#8221;row&#8221; use_row_as_full_screen_section=&#8221;no&#8221; type=&#8221;full_width&#8221; angled_section=&#8221;no&#8221; text_align=&#8221;left&#8221; background_image_as_pattern=&#8221;without_pattern&#8221; css_animation=&#8221;&#8221;][vc_column][vc_column_text] Appearance Records ist ein Musiklabel aus Berlin f\u00fcr ausgew\u00e4hlte Indie Bands und Musiker. Wir spezialisieren uns auf die&#8230;<\/p>\n","protected":false},"author":1,"featured_media":0,"parent":0,"menu_order":0,"comment_status":"closed","ping_status":"closed","template":"","meta":[],"_links":{"self":[{"href":"http:\/\/www.appearance-records.com\/deutsch\/wp-json\/wp\/v2\/pages\/6"}],"collection":[{"href":"http:\/\/www.appearance-records.com\/deutsch\/wp-json\/wp\/v2\/pages"}],"about":[{"href":"http:\/\/www.appearance-records.com\/deutsch\/wp-json\/wp\/v2\/types\/page"}],"author":[{"embeddable":true,"href":"http:\/\/www.appearance-records.com\/deutsch\/wp-json\/wp\/v2\/users\/1"}],"replies":[{"embeddable":true,"href":"http:\/\/www.appearance-records.com\/deutsch\/wp-json\/wp\/v2\/comments?post=6"}],"version-history":[{"count":4,"href":"http:\/\/www.appearance-records.com\/deutsch\/wp-json\/wp\/v2\/pages\/6\/revisions"}],"predecessor-version":[{"id":124,"href":"http:\/\/www.appearance-records.com\/deutsch\/wp-json\/wp\/v2\/pages\/6\/revisions\/124"}],"wp:attachment":[{"href":"http:\/\/www.appearance-records.com\/deutsch\/wp-json\/wp\/v2\/media?parent=6"}],"curies":[{"name":"wp","href":"https:\/\/api.w.org\/{rel}","templated":true}]}}