{"id":269,"date":"2017-03-14T20:41:37","date_gmt":"2017-03-14T19:41:37","guid":{"rendered":"http:\/\/www.appearance-records.com\/deutsch\/?page_id=269"},"modified":"2017-08-11T17:49:24","modified_gmt":"2017-08-11T15:49:24","slug":"7hours","status":"publish","type":"page","link":"http:\/\/www.appearance-records.com\/deutsch\/7hours\/","title":{"rendered":"Unsere K\u00fcnstler: 7hours"},"content":{"rendered":"<p>[vc_row row_type=&#8221;row&#8221; use_row_as_full_screen_section=&#8221;no&#8221; type=&#8221;full_width&#8221; angled_section=&#8221;no&#8221; text_align=&#8221;left&#8221; background_image_as_pattern=&#8221;without_pattern&#8221; css_animation=&#8221;&#8221;][vc_column width=&#8221;1\/2&#8243;][vc_single_image image=&#8221;272&#8243; img_size=&#8221;full&#8221; onclick=&#8221;custom_link&#8221; img_link_target=&#8221;_blank&#8221; qode_css_animation=&#8221;element_from_left&#8221; qode_hover_animation=&#8221;zoom_in&#8221; link=&#8221;http:\/\/www.ear-theband.com&#8221;][\/vc_column][vc_column width=&#8221;1\/2&#8243;][vc_empty_space height=&#8221;50&#8243;][vc_column_text]<\/p>\n<h2>7hours<\/h2>\n<p>[\/vc_column_text][vc_column_text]Sieben Stunden trennen den Berliner Multiinstrumentalist, Produzent und Komponist Raphael Tschernuth und Austins Indie-Songwriter Jillian Wheeler, aber das h\u00e4lt sie nicht davon ab Mittel und Wege zu finden um ihre Kreativit\u00e4t zu verschmelzen und eigenst\u00e4ndige, emotional geladene Indie\/Pop Songs zu schaffen. Im Jahr 2017 entwickeln und realisieren sie ihre Zusammenarbeit durch die Aufnahme und Produktion ihres Deb\u00fctalbums. 2 Songs gibt es bereits auf Spotify zu h\u00f6ren:<\/p>\n<p>&nbsp;<\/p>\n<p><a href=\"https:\/\/open.spotify.com\/album\/0hdLPuPtGIjvkKPf680Sm8\" target=\"_blank\"><span style=\"text-decoration: underline;\">H\u00f6re 7hours auf Spotify<\/span><\/a><\/p>\n<p><a href=\"mailto:7hours@appearance-records.com\"><span style=\"text-decoration: underline;\">7hours Kontakt<\/span><\/a><\/p>\n<p>[\/vc_column_text][\/vc_column][\/vc_row][vc_row row_type=&#8221;row&#8221; use_row_as_full_screen_section=&#8221;no&#8221; type=&#8221;full_width&#8221; angled_section=&#8221;no&#8221; text_align=&#8221;left&#8221; background_image_as_pattern=&#8221;without_pattern&#8221; css_animation=&#8221;&#8221;][vc_column][vc_separator type=&#8221;normal&#8221; up=&#8221;50&#8243; down=&#8221;50&#8243;][\/vc_column][\/vc_row][vc_row row_type=&#8221;row&#8221; use_row_as_full_screen_section=&#8221;no&#8221; type=&#8221;full_width&#8221; angled_section=&#8221;no&#8221; text_align=&#8221;left&#8221; background_image_as_pattern=&#8221;without_pattern&#8221; css_animation=&#8221;&#8221;][vc_column width=&#8221;2\/3&#8243;][vc_column_text]<iframe loading=\"lazy\" src=\"https:\/\/w.soundcloud.com\/player\/?url=https%3A\/\/api.soundcloud.com\/users\/325518044&amp;color=ff5500&amp;auto_play=false&amp;hide_related=false&amp;show_playcount=false&amp;show_comments=true&amp;show_user=true&amp;show_reposts=false\" width=\"100%\" height=\"279\" frameborder=\"no\" scrolling=\"no\"><\/iframe>[\/vc_column_text][\/vc_column][vc_column width=&#8221;1\/3&#8243;][vc_single_image image=&#8221;290&#8243; img_size=&#8221;full&#8221; alignment=&#8221;right&#8221; onclick=&#8221;custom_link&#8221; img_link_target=&#8221;_blank&#8221; qode_css_animation=&#8221;element_from_right&#8221; link=&#8221;https:\/\/open.spotify.com\/album\/0hdLPuPtGIjvkKPf680Sm8&#8243;][vc_column_text]photo credit: <a href=\"http:\/\/eng.myriam-leymarie.com\" target=\"_blank\"><span style=\"text-decoration: underline;\">Myriam Leymarie<\/span><\/a>[\/vc_column_text][\/vc_column][\/vc_row]<\/p>\n","protected":false},"excerpt":{"rendered":"<p>[vc_row row_type=&#8221;row&#8221; use_row_as_full_screen_section=&#8221;no&#8221; type=&#8221;full_width&#8221; angled_section=&#8221;no&#8221; text_align=&#8221;left&#8221; background_image_as_pattern=&#8221;without_pattern&#8221; css_animation=&#8221;&#8221;][vc_column width=&#8221;1\/2&#8243;][vc_single_image image=&#8221;272&#8243; img_size=&#8221;full&#8221; onclick=&#8221;custom_link&#8221; img_link_target=&#8221;_blank&#8221; qode_css_animation=&#8221;element_from_left&#8221; qode_hover_animation=&#8221;zoom_in&#8221; link=&#8221;http:\/\/www.ear-theband.com&#8221;][\/vc_column][vc_column width=&#8221;1\/2&#8243;][vc_empty_space height=&#8221;50&#8243;][vc_column_text] 7hours [\/vc_column_text][vc_column_text]Sieben Stunden trennen den Berliner Multiinstrumentalist, Produzent und Komponist Raphael Tschernuth und Austins Indie-Songwriter Jillian Wheeler, aber das h\u00e4lt sie nicht davon ab Mittel und Wege&#8230;<\/p>\n","protected":false},"author":1,"featured_media":0,"parent":0,"menu_order":0,"comment_status":"closed","ping_status":"closed","template":"","meta":[],"_links":{"self":[{"href":"http:\/\/www.appearance-records.com\/deutsch\/wp-json\/wp\/v2\/pages\/269"}],"collection":[{"href":"http:\/\/www.appearance-records.com\/deutsch\/wp-json\/wp\/v2\/pages"}],"about":[{"href":"http:\/\/www.appearance-records.com\/deutsch\/wp-json\/wp\/v2\/types\/page"}],"author":[{"embeddable":true,"href":"http:\/\/www.appearance-records.com\/deutsch\/wp-json\/wp\/v2\/users\/1"}],"replies":[{"embeddable":true,"href":"http:\/\/www.appearance-records.com\/deutsch\/wp-json\/wp\/v2\/comments?post=269"}],"version-history":[{"count":9,"href":"http:\/\/www.appearance-records.com\/deutsch\/wp-json\/wp\/v2\/pages\/269\/revisions"}],"predecessor-version":[{"id":293,"href":"http:\/\/www.appearance-records.com\/deutsch\/wp-json\/wp\/v2\/pages\/269\/revisions\/293"}],"wp:attachment":[{"href":"http:\/\/www.appearance-records.com\/deutsch\/wp-json\/wp\/v2\/media?parent=269"}],"curies":[{"name":"wp","href":"https:\/\/api.w.org\/{rel}","templated":true}]}}