{"id":204,"date":"2016-09-11T18:50:21","date_gmt":"2016-09-11T16:50:21","guid":{"rendered":"http:\/\/www.appearance-records.com\/deutsch\/?page_id=204"},"modified":"2023-04-16T12:48:58","modified_gmt":"2023-04-16T10:48:58","slug":"faq-produktionsmusik","status":"publish","type":"page","link":"http:\/\/www.appearance-records.com\/deutsch\/faq-produktionsmusik\/","title":{"rendered":"FAQ Produktionsmusik"},"content":{"rendered":"<p>[vc_row css_animation=&#8221;&#8221; row_type=&#8221;row&#8221; use_row_as_full_screen_section=&#8221;no&#8221; type=&#8221;full_width&#8221; angled_section=&#8221;no&#8221; text_align=&#8221;left&#8221; background_image_as_pattern=&#8221;without_pattern&#8221;][vc_column width=&#8221;1\/2&#8243;][vc_column_text css=&#8221;.vc_custom_1681642136502{padding-bottom: 10px !important;}&#8221;]<span style=\"font-weight: 500; font-size: 13px;\">Was kostet die Musik?<\/span><\/p>\n<p>Der Zugang zum Musikportal und das Herunterladen der Musik ist kostenlos. Wenn die Musik in einer TV- oder Theaterproduktion verwendet wird, fallen unsererseits keinerlei Lizenzgeb\u00fchren an.<br \/>\nDie TV- bzw. Theaterproduktion muss je nach Auff\u00fchrungsort bei der GEMA (DE), AKM (AT) oder SUISA (CH) gemeldet werde,n da die Lizenzierung mit den Rahmenvertr\u00e4gen der Verwertungsgesellschaften gekl\u00e4rt ist. Die Lizenzierung von Kurzfilmen, Kino, Werbung, Image Filmen, etc. ist nicht kostenlos. Diese Kosten variieren je nach Territorium und der Verwendungsart. F\u00fcr diesen Fall senden Sie uns bitte eine Anfrage per <a href=\"mailto:mail@appearance-records.com\"><span style=\"text-decoration: underline;\">E-Mail<\/span><\/a> mit weiteren Informationen zu ihrem Projekt.<\/p>\n<p>&nbsp;<\/p>\n<p><span style=\"font-weight: 500; font-size: 13px;\">Handelt es sich um urheberrechtsfreie oder gemafreie Musik?<\/span><\/p>\n<p>Nein. Wir handeln als Musikverleger und lizenzieren jede Benutzung unserer Musik und leiten die Erl\u00f6se an die Komponisten und K\u00fcnstler weiter. Die Verwendung von Musik ohne Lizenz ist in Deutschland, \u00d6sterreich und der Schweiz verboten. F\u00fcr TV- und Theaterproduktionen erheben wir keine Lizenzgeb\u00fchren. Um die entsprechende Lizenz zu erhalten f\u00fcllen Sie bitte unsere <a href=\"http:\/\/www.appearance-records.com\/media\/music-library\/appearance_records_music_list.pdf\" target=\"_blank\" rel=\"noopener\"><span style=\"text-decoration: underline;\">Musikliste<\/span><\/a> aus und senden Sie diese per <a href=\"mailto:mail@appearance-records.com\"><span style=\"text-decoration: underline;\">E-Mail<\/span><\/a> an uns zur\u00fcck.<\/p>\n<p>&nbsp;<\/p>\n<p><span style=\"font-weight: 500; font-size: 13px;\">Muss ich meine Produktion bei der GEMA, AKM oder SUISA anmelden?<\/span><\/p>\n<p>Ja. In Deutschland, \u00d6sterreich und der Schweiz (sowie in fast allen anderen L\u00e4ndern) muss jede TV Ausstrahlung oder Theaterauff\u00fchrung bei der jeweiligen Verwertungsgesellschaft gemeldet werden.<\/p>\n<p>&nbsp;<\/p>\n<p><span style=\"font-weight: 500; font-size: 13px;\">Lizenzieren Sie Musik f\u00fcr andere L\u00e4nder?<\/span><br \/>\nJa. F\u00fcr andere L\u00e4nder als Deutschland, \u00d6sterreich und der Schweiz kontaktieren Sie uns bitte per <a href=\"mailto:mail@appearance-records.com\"><span style=\"text-decoration: underline;\">E-Mail<\/span><\/a>.<\/p>\n<p>&nbsp;<\/p>\n<p><span style=\"font-weight: 500; font-size: 13px;\">In welchem Format kann ich Musik herunterladen?<\/span><br \/>\nAlle Dateien sind als .mp3 (320 Khz) verf\u00fcgbar.<br \/>\nHigh Quality . wav Dateien werden demn\u00e4chst verf\u00fcgbar sein. Bis dahin senden Sie uns bei Bedarf bitte eine <a href=\"mailto:mail@appearance-records.com\"><span style=\"text-decoration: underline;\">E-Mail<\/span><\/a> und wir senden Ihnen die Daten zu.<\/p>\n<p>&nbsp;<\/p>\n<p><span style=\"font-weight: 500; font-size: 13px;\">Wie lautet der Labelcode?<\/span><br \/>\nAppearance Records, LC 52295.<\/p>\n<p>&nbsp;<\/p>\n<p><span style=\"font-weight: 500; font-size: 13px;\">Wo finde ich mehr Informationen zu den Songs?<\/span><br \/>\nDie Dokumentation ist in allen zum Download verf\u00fcgbaren Alben inkludiert.<br \/>\nSie k\u00f6nnen sie auch einzeln <a href=\"http:\/\/www.appearance-records.com\/media\/music-library\/ReadMe_Docs_Appearance_Records.zip\" target=\"_blank\" rel=\"noopener\"><span style=\"text-decoration: underline;\">hier<\/span><\/a> herunterladen.<\/p>\n<p>&nbsp;<\/p>\n<p><span style=\"font-weight: 500; font-size: 13px;\">Bieten Sie Auftragsarbeiten, bzw. &#8220;Custom Made Music&#8221; an?<\/span><br \/>\nJa, nat\u00fcrlich. Wir arbeiten gerne an Musik die f\u00fcr ihr Projekt zugeschnitten ist.<br \/>\nBitte senden Sie uns daf\u00fcr eine <a href=\"mailto:mail@appearance-records.com\"><span style=\"text-decoration: underline;\">E-Mail<\/span><\/a> mit weiteren Informationen zu Ihrem Projekt.<\/p>\n<p>&nbsp;<\/p>\n<p><span style=\"font-weight: 500; font-size: 13px;\">Ich brauche eine spezielle Mischung f\u00fcr mein Projekt. Geht das?<\/span><br \/>\nJa. Wir k\u00f6nnen die Mischung Ihren Bed\u00fcrfnissen anpassen.<br \/>\nBitte senden Sie uns daf\u00fcr eine <a href=\"mailto:mail@appearance-records.com\"><span style=\"text-decoration: underline;\">E-Mail<\/span><\/a> mit weiteren Informationen zu Ihrem Projekt.<\/p>\n<p>&nbsp;<\/p>\n<p><span style=\"font-weight: 500; font-size: 13px;\">Ich ben\u00f6tige die einzelnen Stems um den Mix anpassen zu k\u00f6nnen. Geht das?<\/span><br \/>\nIn vielen F\u00e4llen ist es m\u00f6glich die einzelnen Stems zu liefern.<br \/>\nBitte senden Sie uns daf\u00fcr eine <a href=\"mailto:mail@appearance-records.com\"><span style=\"text-decoration: underline;\">E-Mail<\/span><\/a> mit weiteren Informationen zu Ihrem Projekt.<\/p>\n<p>&nbsp;<\/p>\n<p><span style=\"font-weight: 500; font-size: 13px;\">Ich habe noch weitere Fragen. Wie kann ich Sie kontaktieren?<\/span><br \/>\nWir helfen Ihnen gerne weiter. Bitte senden Sie uns einfach eine <a href=\"mailto:mail@appearance-records.com\"><span style=\"text-decoration: underline;\">E-Mail<\/span><\/a> oder benutzen sie das folgende Formular.[\/vc_column_text]\n<div class=\"wpcf7 no-js\" id=\"wpcf7-f116-o1\" lang=\"de-DE\" dir=\"ltr\">\n<div class=\"screen-reader-response\"><p role=\"status\" aria-live=\"polite\" aria-atomic=\"true\"><\/p> <ul><\/ul><\/div>\n<form action=\"\/deutsch\/wp-json\/wp\/v2\/pages\/204#wpcf7-f116-o1\" method=\"post\" class=\"wpcf7-form init cf7_custom_style_1\" aria-label=\"Kontaktformular\" novalidate=\"novalidate\" data-status=\"init\">\n<div style=\"display: none;\">\n<input type=\"hidden\" name=\"_wpcf7\" value=\"116\" \/>\n<input type=\"hidden\" name=\"_wpcf7_version\" value=\"5.7.5.1\" \/>\n<input type=\"hidden\" name=\"_wpcf7_locale\" value=\"de_DE\" \/>\n<input type=\"hidden\" name=\"_wpcf7_unit_tag\" value=\"wpcf7-f116-o1\" \/>\n<input type=\"hidden\" name=\"_wpcf7_container_post\" value=\"0\" \/>\n<input type=\"hidden\" name=\"_wpcf7_posted_data_hash\" value=\"\" \/>\n<\/div>\n<p><label> Ihr Name (Pflichtfeld)<br \/>\n<span class=\"wpcf7-form-control-wrap\" data-name=\"your-name\"><input size=\"40\" class=\"wpcf7-form-control wpcf7-text wpcf7-validates-as-required\" aria-required=\"true\" aria-invalid=\"false\" value=\"\" type=\"text\" name=\"your-name\" \/><\/span> <\/label>\n<\/p>\n<p><label> Ihre E-Mail-Adresse (Pflichtfeld)<br \/>\n<span class=\"wpcf7-form-control-wrap\" data-name=\"your-email\"><input size=\"40\" class=\"wpcf7-form-control wpcf7-text wpcf7-email wpcf7-validates-as-required wpcf7-validates-as-email\" aria-required=\"true\" aria-invalid=\"false\" value=\"\" type=\"email\" name=\"your-email\" \/><\/span> <\/label>\n<\/p>\n<p><label> Ihre Nachricht<br \/>\n<span class=\"wpcf7-form-control-wrap\" data-name=\"your-message\"><textarea cols=\"40\" rows=\"10\" class=\"wpcf7-form-control wpcf7-textarea\" aria-invalid=\"false\" name=\"your-message\"><\/textarea><\/span> <\/label>\n<\/p>\n<p><input class=\"wpcf7-form-control has-spinner wpcf7-submit\" type=\"submit\" value=\"Senden\" \/>\n<\/p><div class=\"wpcf7-response-output\" aria-hidden=\"true\"><\/div>\n<\/form>\n<\/div>\n[\/vc_column][vc_column width=&#8221;1\/2&#8243;][vc_single_image image=&#8221;206&#8243; img_size=&#8221;full&#8221; alignment=&#8221;right&#8221; qode_css_animation=&#8221;element_from_fade&#8221;][\/vc_column][\/vc_row]<\/p>\n","protected":false},"excerpt":{"rendered":"<p>[vc_row css_animation=&#8221;&#8221; row_type=&#8221;row&#8221; use_row_as_full_screen_section=&#8221;no&#8221; type=&#8221;full_width&#8221; angled_section=&#8221;no&#8221; text_align=&#8221;left&#8221; background_image_as_pattern=&#8221;without_pattern&#8221;][vc_column width=&#8221;1\/2&#8243;][vc_column_text css=&#8221;.vc_custom_1681642136502{padding-bottom: 10px !important;}&#8221;]Was kostet die Musik? Der Zugang zum Musikportal und das Herunterladen der Musik ist kostenlos. Wenn die Musik in einer TV- oder Theaterproduktion verwendet wird, fallen unsererseits keinerlei Lizenzgeb\u00fchren an. Die TV- bzw. Theaterproduktion&#8230;<\/p>\n","protected":false},"author":1,"featured_media":0,"parent":0,"menu_order":0,"comment_status":"closed","ping_status":"closed","template":"","meta":[],"_links":{"self":[{"href":"http:\/\/www.appearance-records.com\/deutsch\/wp-json\/wp\/v2\/pages\/204"}],"collection":[{"href":"http:\/\/www.appearance-records.com\/deutsch\/wp-json\/wp\/v2\/pages"}],"about":[{"href":"http:\/\/www.appearance-records.com\/deutsch\/wp-json\/wp\/v2\/types\/page"}],"author":[{"embeddable":true,"href":"http:\/\/www.appearance-records.com\/deutsch\/wp-json\/wp\/v2\/users\/1"}],"replies":[{"embeddable":true,"href":"http:\/\/www.appearance-records.com\/deutsch\/wp-json\/wp\/v2\/comments?post=204"}],"version-history":[{"count":11,"href":"http:\/\/www.appearance-records.com\/deutsch\/wp-json\/wp\/v2\/pages\/204\/revisions"}],"predecessor-version":[{"id":299,"href":"http:\/\/www.appearance-records.com\/deutsch\/wp-json\/wp\/v2\/pages\/204\/revisions\/299"}],"wp:attachment":[{"href":"http:\/\/www.appearance-records.com\/deutsch\/wp-json\/wp\/v2\/media?parent=204"}],"curies":[{"name":"wp","href":"https:\/\/api.w.org\/{rel}","templated":true}]}}